{"id":333,"date":"2022-06-13T11:49:29","date_gmt":"2022-06-13T09:49:29","guid":{"rendered":"https:\/\/www.itelis.eu\/?page_id=333"},"modified":"2023-07-29T11:34:15","modified_gmt":"2023-07-29T09:34:15","slug":"references","status":"publish","type":"page","link":"https:\/\/www.itelis.eu\/en\/references\/","title":{"rendered":"References"},"content":{"rendered":"","protected":false},"excerpt":{"rendered":"","protected":false},"author":2,"featured_media":0,"parent":0,"menu_order":0,"comment_status":"closed","ping_status":"closed","template":"","meta":{"footnotes":""},"class_list":["post-333","page","type-page","status-publish","hentry"],"yoast_head":"<!-- This site is optimized with the Yoast SEO plugin v27.4 - https:\/\/yoast.com\/product\/yoast-seo-wordpress\/ -->\n<title>References - Itelis<\/title>\n<meta name=\"robots\" content=\"index, follow, max-snippet:-1, max-image-preview:large, max-video-preview:-1\" \/>\n<link rel=\"canonical\" href=\"https:\/\/www.itelis.eu\/en\/references\/\" \/>\n<meta property=\"og:locale\" content=\"en_US\" \/>\n<meta property=\"og:type\" content=\"article\" \/>\n<meta property=\"og:title\" content=\"References - Itelis\" \/>\n<meta property=\"og:url\" content=\"https:\/\/www.itelis.eu\/en\/references\/\" \/>\n<meta property=\"og:site_name\" content=\"Itelis\" \/>\n<meta property=\"article:modified_time\" content=\"2023-07-29T09:34:15+00:00\" \/>\n<meta name=\"twitter:card\" content=\"summary_large_image\" \/>\n<script type=\"application\/ld+json\" class=\"yoast-schema-graph\">{\"@context\":\"https:\\\/\\\/schema.org\",\"@graph\":[{\"@type\":\"WebPage\",\"@id\":\"https:\\\/\\\/www.itelis.eu\\\/en\\\/references\\\/\",\"url\":\"https:\\\/\\\/www.itelis.eu\\\/en\\\/references\\\/\",\"name\":\"References - Itelis\",\"isPartOf\":{\"@id\":\"https:\\\/\\\/www.itelis.eu\\\/en\\\/#website\"},\"datePublished\":\"2022-06-13T09:49:29+00:00\",\"dateModified\":\"2023-07-29T09:34:15+00:00\",\"breadcrumb\":{\"@id\":\"https:\\\/\\\/www.itelis.eu\\\/en\\\/references\\\/#breadcrumb\"},\"inLanguage\":\"en-US\",\"potentialAction\":[{\"@type\":\"ReadAction\",\"target\":[\"https:\\\/\\\/www.itelis.eu\\\/en\\\/references\\\/\"]}]},{\"@type\":\"BreadcrumbList\",\"@id\":\"https:\\\/\\\/www.itelis.eu\\\/en\\\/references\\\/#breadcrumb\",\"itemListElement\":[{\"@type\":\"ListItem\",\"position\":1,\"name\":\"Home\",\"item\":\"https:\\\/\\\/www.itelis.eu\\\/en\\\/\"},{\"@type\":\"ListItem\",\"position\":2,\"name\":\"References\"}]},{\"@type\":\"WebSite\",\"@id\":\"https:\\\/\\\/www.itelis.eu\\\/en\\\/#website\",\"url\":\"https:\\\/\\\/www.itelis.eu\\\/en\\\/\",\"name\":\"Itelis\",\"description\":\"Podjetje ITELIS je \u017ee 20 let med vodilnimi podjetji na podro\u010dju SAP svetovanja in danes ohranja najvi\u0161ji nivo partnerstva s SAPom \u2013 SAP Platinum partner.\",\"publisher\":{\"@id\":\"https:\\\/\\\/www.itelis.eu\\\/en\\\/#organization\"},\"potentialAction\":[{\"@type\":\"SearchAction\",\"target\":{\"@type\":\"EntryPoint\",\"urlTemplate\":\"https:\\\/\\\/www.itelis.eu\\\/en\\\/?s={search_term_string}\"},\"query-input\":{\"@type\":\"PropertyValueSpecification\",\"valueRequired\":true,\"valueName\":\"search_term_string\"}}],\"inLanguage\":\"en-US\"},{\"@type\":\"Organization\",\"@id\":\"https:\\\/\\\/www.itelis.eu\\\/en\\\/#organization\",\"name\":\"Itelis\",\"url\":\"https:\\\/\\\/www.itelis.eu\\\/en\\\/\",\"logo\":{\"@type\":\"ImageObject\",\"inLanguage\":\"en-US\",\"@id\":\"https:\\\/\\\/www.itelis.eu\\\/en\\\/#\\\/schema\\\/logo\\\/image\\\/\",\"url\":\"https:\\\/\\\/www.itelis.eu\\\/wp-content\\\/uploads\\\/2022\\\/09\\\/itelis-logo-rect.png\",\"contentUrl\":\"https:\\\/\\\/www.itelis.eu\\\/wp-content\\\/uploads\\\/2022\\\/09\\\/itelis-logo-rect.png\",\"width\":300,\"height\":200,\"caption\":\"Itelis\"},\"image\":{\"@id\":\"https:\\\/\\\/www.itelis.eu\\\/en\\\/#\\\/schema\\\/logo\\\/image\\\/\"},\"sameAs\":[\"https:\\\/\\\/www.linkedin.com\\\/company\\\/itelis-d-o-o\\\/?originalSubdomain=si\"]}]}<\/script>\n<!-- \/ Yoast SEO plugin. -->","yoast_head_json":{"title":"References - Itelis","robots":{"index":"index","follow":"follow","max-snippet":"max-snippet:-1","max-image-preview":"max-image-preview:large","max-video-preview":"max-video-preview:-1"},"canonical":"https:\/\/www.itelis.eu\/en\/references\/","og_locale":"en_US","og_type":"article","og_title":"References - Itelis","og_url":"https:\/\/www.itelis.eu\/en\/references\/","og_site_name":"Itelis","article_modified_time":"2023-07-29T09:34:15+00:00","twitter_card":"summary_large_image","schema":{"@context":"https:\/\/schema.org","@graph":[{"@type":"WebPage","@id":"https:\/\/www.itelis.eu\/en\/references\/","url":"https:\/\/www.itelis.eu\/en\/references\/","name":"References - Itelis","isPartOf":{"@id":"https:\/\/www.itelis.eu\/en\/#website"},"datePublished":"2022-06-13T09:49:29+00:00","dateModified":"2023-07-29T09:34:15+00:00","breadcrumb":{"@id":"https:\/\/www.itelis.eu\/en\/references\/#breadcrumb"},"inLanguage":"en-US","potentialAction":[{"@type":"ReadAction","target":["https:\/\/www.itelis.eu\/en\/references\/"]}]},{"@type":"BreadcrumbList","@id":"https:\/\/www.itelis.eu\/en\/references\/#breadcrumb","itemListElement":[{"@type":"ListItem","position":1,"name":"Home","item":"https:\/\/www.itelis.eu\/en\/"},{"@type":"ListItem","position":2,"name":"References"}]},{"@type":"WebSite","@id":"https:\/\/www.itelis.eu\/en\/#website","url":"https:\/\/www.itelis.eu\/en\/","name":"Itelis","description":"Podjetje ITELIS je \u017ee 20 let med vodilnimi podjetji na podro\u010dju SAP svetovanja in danes ohranja najvi\u0161ji nivo partnerstva s SAPom \u2013 SAP Platinum partner.","publisher":{"@id":"https:\/\/www.itelis.eu\/en\/#organization"},"potentialAction":[{"@type":"SearchAction","target":{"@type":"EntryPoint","urlTemplate":"https:\/\/www.itelis.eu\/en\/?s={search_term_string}"},"query-input":{"@type":"PropertyValueSpecification","valueRequired":true,"valueName":"search_term_string"}}],"inLanguage":"en-US"},{"@type":"Organization","@id":"https:\/\/www.itelis.eu\/en\/#organization","name":"Itelis","url":"https:\/\/www.itelis.eu\/en\/","logo":{"@type":"ImageObject","inLanguage":"en-US","@id":"https:\/\/www.itelis.eu\/en\/#\/schema\/logo\/image\/","url":"https:\/\/www.itelis.eu\/wp-content\/uploads\/2022\/09\/itelis-logo-rect.png","contentUrl":"https:\/\/www.itelis.eu\/wp-content\/uploads\/2022\/09\/itelis-logo-rect.png","width":300,"height":200,"caption":"Itelis"},"image":{"@id":"https:\/\/www.itelis.eu\/en\/#\/schema\/logo\/image\/"},"sameAs":["https:\/\/www.linkedin.com\/company\/itelis-d-o-o\/?originalSubdomain=si"]}]}},"_links":{"self":[{"href":"https:\/\/www.itelis.eu\/en\/wp-json\/wp\/v2\/pages\/333","targetHints":{"allow":["GET"]}}],"collection":[{"href":"https:\/\/www.itelis.eu\/en\/wp-json\/wp\/v2\/pages"}],"about":[{"href":"https:\/\/www.itelis.eu\/en\/wp-json\/wp\/v2\/types\/page"}],"author":[{"embeddable":true,"href":"https:\/\/www.itelis.eu\/en\/wp-json\/wp\/v2\/users\/2"}],"replies":[{"embeddable":true,"href":"https:\/\/www.itelis.eu\/en\/wp-json\/wp\/v2\/comments?post=333"}],"version-history":[{"count":1,"href":"https:\/\/www.itelis.eu\/en\/wp-json\/wp\/v2\/pages\/333\/revisions"}],"predecessor-version":[{"id":4066,"href":"https:\/\/www.itelis.eu\/en\/wp-json\/wp\/v2\/pages\/333\/revisions\/4066"}],"wp:attachment":[{"href":"https:\/\/www.itelis.eu\/en\/wp-json\/wp\/v2\/media?parent=333"}],"curies":[{"name":"wp","href":"https:\/\/api.w.org\/{rel}","templated":true}]}}